{"id":9,"date":"2025-11-05T20:48:33","date_gmt":"2025-11-05T20:48:33","guid":{"rendered":"https:\/\/www.godentist.com.tr\/?page_id=9"},"modified":"2025-11-06T10:54:48","modified_gmt":"2025-11-06T10:54:48","slug":"ana-sayfa","status":"publish","type":"page","link":"https:\/\/www.godentist.com.tr\/","title":{"rendered":"Ana sayfa"},"content":{"rendered":"\n<div class=\"wp-block-cover alignfull\" style=\"min-height:800px;aspect-ratio:unset;\"><img decoding=\"async\" class=\"wp-block-cover__image-background\" alt=\"\" src=\"https:\/\/www.godentist.com.tr\/wp-content\/themes\/neve\/assets\/img\/starter-content\/neve-hero-2.png\" style=\"object-position:50% 72%\" data-object-fit=\"cover\" data-object-position=\"50% 72%\"\/><span aria-hidden=\"true\" class=\"wp-block-cover__background has-background-dim-0 has-background-dim\"><\/span><div class=\"wp-block-cover__inner-container is-layout-flow wp-block-cover-is-layout-flow\">\n<div class=\"wp-block-columns are-vertically-aligned-center is-layout-flex wp-container-core-columns-is-layout-9d6595d7 wp-block-columns-is-layout-flex\">\n<div class=\"wp-block-column is-vertically-aligned-center is-layout-flow wp-block-column-is-layout-flow\" style=\"padding-right:var(--wp--preset--spacing--20);padding-left:var(--wp--preset--spacing--20);flex-basis:65%\">\n<div style=\"height:80px\" aria-hidden=\"true\" class=\"wp-block-spacer\"><\/div>\n\n\n\n<h1 class=\"wp-block-heading has-text-align-left has-nv-text-dark-bg-color has-text-color\">GoDentist<\/h1>\n\n\n\n<p class=\"has-text-align-left has-nv-text-dark-bg-color has-text-color\" style=\"font-size:24px\">Uzman hekimlerle, sa\u011fl\u0131kl\u0131 di\u015fler ve ki\u015fiye \u00f6zel g\u00fcl\u00fc\u015f tasar\u0131mlar\u0131<\/p>\n\n\n\n<div class=\"wp-block-buttons is-horizontal is-content-justification-left is-layout-flex wp-container-core-buttons-is-layout-7e5fce0a wp-block-buttons-is-layout-flex\">\n<div class=\"wp-block-button is-style-primary\"><a class=\"wp-block-button__link has-text-color has-background has-link-color wp-element-button\" href=\"https:\/\/www.godentist.com.tr\/#tedavi\" style=\"color:#0a2279;background-color:#ffffff\">Tedavileri \u0130ncele<\/a><\/div>\n\n\n\n<div class=\"wp-block-button is-style-secondary\"><a class=\"wp-block-button__link has-nv-text-dark-bg-color has-text-color has-link-color wp-element-button\" href=\"https:\/\/www.emident.com.tr\/dis-randevu\" target=\"_blank\" rel=\"noreferrer noopener\">Randevu Al<\/a><\/div>\n<\/div>\n\n\n\n<div style=\"height:100px\" aria-hidden=\"true\" class=\"wp-block-spacer\"><\/div>\n<\/div>\n\n\n\n<div class=\"wp-block-column is-vertically-aligned-center is-layout-flow wp-block-column-is-layout-flow\">\n<figure class=\"wp-block-image size-full\"><img loading=\"lazy\" decoding=\"async\" width=\"300\" height=\"300\" src=\"https:\/\/www.godentist.com.tr\/wp-content\/uploads\/2025\/11\/teeth-whitening.webp\" alt=\"\" class=\"wp-image-42\" srcset=\"https:\/\/www.godentist.com.tr\/wp-content\/uploads\/2025\/11\/teeth-whitening.webp 300w, https:\/\/www.godentist.com.tr\/wp-content\/uploads\/2025\/11\/teeth-whitening-150x150.webp 150w\" sizes=\"auto, (max-width: 300px) 100vw, 300px\" \/><\/figure>\n<\/div>\n<\/div>\n<\/div><\/div>\n\n\n\n<div style=\"height:40px\" aria-hidden=\"true\" class=\"wp-block-spacer\"><\/div>\n\n\n\n<div class=\"wp-block-columns is-layout-flex wp-container-core-columns-is-layout-9d6595d7 wp-block-columns-is-layout-flex\" id=\"tedavi\">\n<div class=\"wp-block-column neve-duotone is-layout-flow wp-block-column-is-layout-flow\" style=\"padding-right:var(--wp--preset--spacing--30);padding-left:var(--wp--preset--spacing--30)\"><div class=\"wp-block-image icon-style is-style-default wp-duotone-unset-1\">\n<figure class=\"aligncenter size-thumbnail has-custom-border\"><img loading=\"lazy\" decoding=\"async\" width=\"150\" height=\"150\" src=\"https:\/\/www.godentist.com.tr\/wp-content\/uploads\/2025\/11\/implant21-150x150.png\" alt=\"\" class=\"wp-image-48\" style=\"border-radius:0px\" title=\"\" srcset=\"https:\/\/www.godentist.com.tr\/wp-content\/uploads\/2025\/11\/implant21-150x150.png 150w, https:\/\/www.godentist.com.tr\/wp-content\/uploads\/2025\/11\/implant21-300x300.png 300w, https:\/\/www.godentist.com.tr\/wp-content\/uploads\/2025\/11\/implant21.png 550w\" sizes=\"auto, (max-width: 150px) 100vw, 150px\" \/><\/figure><\/div>\n\n\n<div style=\"height:0px\" aria-hidden=\"true\" class=\"wp-block-spacer\"><\/div>\n\n\n\n<h3 class=\"wp-block-heading has-text-align-center has-neve-text-color-color has-text-color\">Di\u015f \u0130mplant\u0131<\/h3>\n\n\n\n<p class=\"has-text-align-center\">All On 4, Fast &amp; Fixed ve \u0130leri \u0130mplant Cerrahisi<\/p>\n\n\n\n<div style=\"height:20px\" aria-hidden=\"true\" class=\"wp-block-spacer\"><\/div>\n<\/div>\n\n\n\n<div class=\"wp-block-column is-layout-flow wp-block-column-is-layout-flow\" style=\"padding-right:var(--wp--preset--spacing--30);padding-left:var(--wp--preset--spacing--30)\"><div class=\"wp-block-image icon-style is-style-default\">\n<figure class=\"aligncenter size-thumbnail has-custom-border\"><img loading=\"lazy\" decoding=\"async\" width=\"150\" height=\"150\" src=\"https:\/\/www.godentist.com.tr\/wp-content\/uploads\/2025\/11\/agzdis211-150x150.png\" alt=\"\" class=\"wp-image-50\" style=\"border-radius:0px\" title=\"\" srcset=\"https:\/\/www.godentist.com.tr\/wp-content\/uploads\/2025\/11\/agzdis211-150x150.png 150w, https:\/\/www.godentist.com.tr\/wp-content\/uploads\/2025\/11\/agzdis211-300x300.png 300w, https:\/\/www.godentist.com.tr\/wp-content\/uploads\/2025\/11\/agzdis211.png 550w\" sizes=\"auto, (max-width: 150px) 100vw, 150px\" \/><\/figure><\/div>\n\n\n<div style=\"height:0px\" aria-hidden=\"true\" class=\"wp-block-spacer\"><\/div>\n\n\n\n<h3 class=\"wp-block-heading has-text-align-center has-neve-text-color-color has-text-color\">\u00c7ene Cerrahisi<\/h3>\n\n\n\n<p class=\"has-text-align-center\">G\u00f6m\u00fcl\u00fc Di\u015f \u00c7ekimi, Di\u015f ve \u00c7ene K\u0131r\u0131klar\u0131 Tedavisi<\/p>\n\n\n\n<div style=\"height:20px\" aria-hidden=\"true\" class=\"wp-block-spacer\"><\/div>\n<\/div>\n\n\n\n<div class=\"wp-block-column is-layout-flow wp-block-column-is-layout-flow\" style=\"padding-right:var(--wp--preset--spacing--30);padding-left:var(--wp--preset--spacing--30)\"><div class=\"wp-block-image icon-style is-style-default wp-duotone-unset-2\">\n<figure class=\"aligncenter size-thumbnail has-custom-border\"><img loading=\"lazy\" decoding=\"async\" width=\"150\" height=\"150\" src=\"https:\/\/www.godentist.com.tr\/wp-content\/uploads\/2025\/11\/gulus21-150x150.png\" alt=\"\" class=\"wp-image-51\" style=\"border-radius:0px\" title=\"\" srcset=\"https:\/\/www.godentist.com.tr\/wp-content\/uploads\/2025\/11\/gulus21-150x150.png 150w, https:\/\/www.godentist.com.tr\/wp-content\/uploads\/2025\/11\/gulus21-300x300.png 300w, https:\/\/www.godentist.com.tr\/wp-content\/uploads\/2025\/11\/gulus21.png 550w\" sizes=\"auto, (max-width: 150px) 100vw, 150px\" \/><\/figure><\/div>\n\n\n<div style=\"height:0px\" aria-hidden=\"true\" class=\"wp-block-spacer\"><\/div>\n\n\n\n<h3 class=\"wp-block-heading has-text-align-center has-neve-text-color-color has-text-color\">G\u00fcl\u00fc\u015f Tasar\u0131m\u0131<\/h3>\n\n\n\n<p class=\"has-text-align-center\">Ki\u015fiye \u00d6zel G\u00fcl\u00fc\u015f Tasar\u0131m\u0131 Hollywood Smile<\/p>\n\n\n\n<div style=\"height:20px\" aria-hidden=\"true\" class=\"wp-block-spacer\"><\/div>\n<\/div>\n\n\n\n<div class=\"wp-block-column is-layout-flow wp-block-column-is-layout-flow\" style=\"padding-right:var(--wp--preset--spacing--30);padding-left:var(--wp--preset--spacing--30)\"><div class=\"wp-block-image icon-style is-style-default wp-duotone-unset-3\">\n<figure class=\"aligncenter size-thumbnail has-custom-border\"><img loading=\"lazy\" decoding=\"async\" width=\"150\" height=\"150\" src=\"https:\/\/www.godentist.com.tr\/wp-content\/uploads\/2025\/11\/radyoloji21d-150x150.png\" alt=\"\" class=\"wp-image-52\" style=\"border-radius:0px\" title=\"\" srcset=\"https:\/\/www.godentist.com.tr\/wp-content\/uploads\/2025\/11\/radyoloji21d-150x150.png 150w, https:\/\/www.godentist.com.tr\/wp-content\/uploads\/2025\/11\/radyoloji21d-300x300.png 300w, https:\/\/www.godentist.com.tr\/wp-content\/uploads\/2025\/11\/radyoloji21d.png 550w\" sizes=\"auto, (max-width: 150px) 100vw, 150px\" \/><\/figure><\/div>\n\n\n<div style=\"height:0px\" aria-hidden=\"true\" class=\"wp-block-spacer\"><\/div>\n\n\n\n<h3 class=\"wp-block-heading has-text-align-center has-neve-text-color-color has-text-color\">Radyoloji<\/h3>\n\n\n\n<p class=\"has-text-align-center\">A\u011f\u0131z ve Di\u015f Sorunlar\u0131 G\u00f6r\u00fcnt\u00fcleme<\/p>\n\n\n\n<div style=\"height:20px\" aria-hidden=\"true\" class=\"wp-block-spacer\"><\/div>\n<\/div>\n<\/div>\n\n\n\n<div class=\"wp-block-cover alignfull\" style=\"min-height:600px;aspect-ratio:unset;\" id=\"biz\"><span aria-hidden=\"true\" class=\"wp-block-cover__background has-nv-light-bg-background-color has-background-dim-80 has-background-dim\"><\/span><div class=\"wp-block-cover__inner-container is-layout-flow wp-block-cover-is-layout-flow\">\n<div class=\"wp-block-group\"><div class=\"wp-block-group__inner-container is-layout-flow wp-block-group-is-layout-flow\">\n<div style=\"height:80px\" aria-hidden=\"true\" class=\"wp-block-spacer\"><\/div>\n\n\n\n<div class=\"wp-block-columns is-layout-flex wp-container-core-columns-is-layout-9d6595d7 wp-block-columns-is-layout-flex\">\n<div class=\"wp-block-column is-layout-flow wp-block-column-is-layout-flow\" style=\"padding-right:0;padding-left:0;flex-basis:20%\">\n<div class=\"wp-block-group is-vertical is-content-justification-center is-layout-flex wp-container-core-group-is-layout-4b2eccd6 wp-block-group-is-layout-flex\"><\/div>\n<\/div>\n\n\n\n<div class=\"wp-block-column is-layout-flow wp-block-column-is-layout-flow\" style=\"flex-basis:60%\">\n<div class=\"wp-block-group is-vertical is-content-justification-center is-layout-flex wp-container-core-group-is-layout-4b2eccd6 wp-block-group-is-layout-flex\">\n<h2 class=\"wp-block-heading has-text-align-center has-neve-text-color-color has-text-color has-link-color wp-elements-aeb006e396a02cf4c550ba0dab1f4e63\">Emident Di\u015f Klini\u011fi<\/h2>\n\n\n\n<p class=\"has-text-align-center has-neve-text-color-color has-text-color has-link-color wp-elements-a7eb14d733ea9f4a662019a8ca44fb18\">\u0130mplant, Ortodonti, Protetik, Pedodonti, Endodonti, Periodontoloji, Cerrahi ve Estetik Di\u015f Tedavileri konusunda uzman kadrosuyla ve GoDentist markas\u0131yla hizmet vermektedir. Klini\u011fimiz ISO9001-2008 ve ISO10001-2012 sertikal\u0131d\u0131r.<\/p>\n\n\n\n<div style=\"height:0px\" aria-hidden=\"true\" class=\"wp-block-spacer wp-container-content-541a6b20\"><\/div>\n<\/div>\n<\/div>\n\n\n\n<div class=\"wp-block-column is-layout-flow wp-block-column-is-layout-flow\" style=\"flex-basis:20%\">\n<div class=\"wp-block-group is-vertical is-content-justification-center is-layout-flex wp-container-core-group-is-layout-4b2eccd6 wp-block-group-is-layout-flex\"><\/div>\n<\/div>\n<\/div>\n\n\n\n<div class=\"wp-block-columns are-vertically-aligned-center is-layout-flex wp-container-core-columns-is-layout-9d6595d7 wp-block-columns-is-layout-flex\">\n<div class=\"wp-block-column is-vertically-aligned-center is-layout-flow wp-block-column-is-layout-flow\" style=\"padding-right:var(--wp--preset--spacing--30);padding-left:var(--wp--preset--spacing--30);flex-basis:50%\">\n<figure class=\"wp-block-image size-full has-custom-border\"><img loading=\"lazy\" decoding=\"async\" width=\"1779\" height=\"1080\" src=\"https:\/\/www.godentist.com.tr\/wp-content\/uploads\/2025\/11\/11.jpg\" alt=\"\" class=\"wp-image-59\" style=\"border-radius:16px;aspect-ratio:16\/9;object-fit:cover\" srcset=\"https:\/\/www.godentist.com.tr\/wp-content\/uploads\/2025\/11\/11.jpg 1779w, https:\/\/www.godentist.com.tr\/wp-content\/uploads\/2025\/11\/11-300x182.jpg 300w, https:\/\/www.godentist.com.tr\/wp-content\/uploads\/2025\/11\/11-1024x622.jpg 1024w, https:\/\/www.godentist.com.tr\/wp-content\/uploads\/2025\/11\/11-768x466.jpg 768w, https:\/\/www.godentist.com.tr\/wp-content\/uploads\/2025\/11\/11-1536x932.jpg 1536w\" sizes=\"auto, (max-width: 1779px) 100vw, 1779px\" \/><\/figure>\n\n\n\n<div style=\"height:24px\" aria-hidden=\"true\" class=\"wp-block-spacer\"><\/div>\n\n\n\n<h3 class=\"wp-block-heading has-text-align-center has-neve-text-color-color has-text-color\"><\/h3>\n\n\n\n<div style=\"height:40px\" aria-hidden=\"true\" class=\"wp-block-spacer\"><\/div>\n<\/div>\n\n\n\n<div class=\"wp-block-column is-vertically-aligned-center is-layout-flow wp-block-column-is-layout-flow\" style=\"padding-right:var(--wp--preset--spacing--30);padding-left:var(--wp--preset--spacing--30);flex-basis:50%\">\n<figure class=\"wp-block-image size-full is-resized has-custom-border\"><img loading=\"lazy\" decoding=\"async\" width=\"2048\" height=\"1152\" src=\"https:\/\/www.godentist.com.tr\/wp-content\/uploads\/2025\/11\/emident-youtube.jpg\" alt=\"\" class=\"wp-image-57\" style=\"border-radius:16px;width:524px;height:auto\" srcset=\"https:\/\/www.godentist.com.tr\/wp-content\/uploads\/2025\/11\/emident-youtube.jpg 2048w, https:\/\/www.godentist.com.tr\/wp-content\/uploads\/2025\/11\/emident-youtube-300x169.jpg 300w, https:\/\/www.godentist.com.tr\/wp-content\/uploads\/2025\/11\/emident-youtube-1024x576.jpg 1024w, https:\/\/www.godentist.com.tr\/wp-content\/uploads\/2025\/11\/emident-youtube-768x432.jpg 768w, https:\/\/www.godentist.com.tr\/wp-content\/uploads\/2025\/11\/emident-youtube-1536x864.jpg 1536w\" sizes=\"auto, (max-width: 2048px) 100vw, 2048px\" \/><\/figure>\n\n\n\n<div style=\"height:24px\" aria-hidden=\"true\" class=\"wp-block-spacer\"><\/div>\n\n\n\n<h3 class=\"wp-block-heading has-text-align-center has-neve-text-color-color has-text-color\"><\/h3>\n\n\n\n<div style=\"height:40px\" aria-hidden=\"true\" class=\"wp-block-spacer\"><\/div>\n<\/div>\n<\/div>\n<\/div><\/div>\n<\/div><\/div>\n\n\n\n<div class=\"wp-block-cover alignfull has-nv-text-dark-bg-color has-text-color has-link-color wp-elements-f1d3ab18ffb97f88566b334d0c7f7755\" style=\"min-height:420px;aspect-ratio:unset;\"><span aria-hidden=\"true\" class=\"wp-block-cover__background has-nv-dark-bg-background-color has-background-dim-100 has-background-dim\"><\/span><div class=\"wp-block-cover__inner-container is-layout-flow wp-block-cover-is-layout-flow\">\n<div style=\"height:80px\" aria-hidden=\"true\" class=\"wp-block-spacer\"><\/div>\n\n\n\n<div class=\"wp-block-columns is-layout-flex wp-container-core-columns-is-layout-9d6595d7 wp-block-columns-is-layout-flex\">\n<div class=\"wp-block-column ticss-4ce656f1 is-layout-flow wp-block-column-is-layout-flow\"><div class=\"wp-block-image is-style-rounded\">\n<figure class=\"aligncenter size-full is-resized\"><img loading=\"lazy\" decoding=\"async\" width=\"550\" height=\"550\" src=\"https:\/\/www.godentist.com.tr\/wp-content\/uploads\/2025\/11\/sertifika-iso-2008.png\" alt=\"\" class=\"wp-image-62\" style=\"width:158px;height:auto\" srcset=\"https:\/\/www.godentist.com.tr\/wp-content\/uploads\/2025\/11\/sertifika-iso-2008.png 550w, https:\/\/www.godentist.com.tr\/wp-content\/uploads\/2025\/11\/sertifika-iso-2008-300x300.png 300w, https:\/\/www.godentist.com.tr\/wp-content\/uploads\/2025\/11\/sertifika-iso-2008-150x150.png 150w\" sizes=\"auto, (max-width: 550px) 100vw, 550px\" \/><\/figure><\/div>\n\n\n<p class=\"has-text-align-center has-nv-text-dark-bg-color has-text-color has-link-color wp-elements-a9eb1a80c8a131efd28ce1b43cb234fd\"><\/p>\n<\/div>\n\n\n\n<div class=\"wp-block-column ticss-f6fc7494 is-layout-flow wp-block-column-is-layout-flow\"><div class=\"wp-block-image is-style-rounded\">\n<figure class=\"aligncenter size-full is-resized\"><img loading=\"lazy\" decoding=\"async\" width=\"150\" height=\"150\" src=\"https:\/\/www.godentist.com.tr\/wp-content\/uploads\/2025\/11\/award1.png\" alt=\"\" class=\"wp-image-64\" style=\"width:148px;height:auto\"\/><\/figure><\/div>\n\n\n<p class=\"has-text-align-center has-nv-text-dark-bg-color has-text-color\"><\/p>\n<\/div>\n\n\n\n<div class=\"wp-block-column ticss-a5b4df29 is-layout-flow wp-block-column-is-layout-flow\"><div class=\"wp-block-image is-style-rounded\">\n<figure class=\"aligncenter size-full is-resized\"><img loading=\"lazy\" decoding=\"async\" width=\"550\" height=\"550\" src=\"https:\/\/www.godentist.com.tr\/wp-content\/uploads\/2025\/11\/sertifika-iso-2012.png\" alt=\"\" class=\"wp-image-63\" style=\"width:192px;height:auto\" srcset=\"https:\/\/www.godentist.com.tr\/wp-content\/uploads\/2025\/11\/sertifika-iso-2012.png 550w, https:\/\/www.godentist.com.tr\/wp-content\/uploads\/2025\/11\/sertifika-iso-2012-300x300.png 300w, https:\/\/www.godentist.com.tr\/wp-content\/uploads\/2025\/11\/sertifika-iso-2012-150x150.png 150w\" sizes=\"auto, (max-width: 550px) 100vw, 550px\" \/><\/figure><\/div>\n\n\n<p class=\"has-text-align-center has-nv-text-dark-bg-color has-text-color\"><\/p>\n<\/div>\n<\/div>\n\n\n\n<div style=\"height:0px\" aria-hidden=\"true\" class=\"wp-block-spacer\"><\/div>\n<\/div><\/div>\n\n\n\n<div class=\"wp-block-cover alignfull\" style=\"min-height:600px;aspect-ratio:unset;\"><span aria-hidden=\"true\" class=\"wp-block-cover__background has-nv-site-bg-background-color has-background-dim-100 has-background-dim\"><\/span><div class=\"wp-block-cover__inner-container is-layout-flow wp-block-cover-is-layout-flow\">\n<div class=\"wp-block-group\"><div class=\"wp-block-group__inner-container is-layout-flow wp-block-group-is-layout-flow\">\n<div style=\"height:80px\" aria-hidden=\"true\" class=\"wp-block-spacer\"><\/div>\n\n\n\n<div class=\"wp-block-columns are-vertically-aligned-center is-layout-flex wp-container-core-columns-is-layout-9d6595d7 wp-block-columns-is-layout-flex\">\n<div class=\"wp-block-column is-vertically-aligned-center is-layout-flow wp-block-column-is-layout-flow\" style=\"padding-right:var(--wp--preset--spacing--30);padding-left:var(--wp--preset--spacing--30);flex-basis:50%\">\n<div style=\"height:20px\" aria-hidden=\"true\" class=\"wp-block-spacer\"><\/div>\n\n\n\n<h2 class=\"wp-block-heading has-text-align-left has-neve-text-color-color has-text-color\">Online Randevu<\/h2>\n\n\n\n<p class=\"has-text-align-left has-neve-text-color-color has-text-color\" style=\"font-size:17px\">\u015eimdi emident.com.tr web sayfam\u0131zdan online randevu alabilirsiniz.<\/p>\n\n\n\n<div class=\"wp-block-buttons has-custom-font-size has-small-font-size is-content-justification-left is-layout-flex wp-container-core-buttons-is-layout-fdcfc74e wp-block-buttons-is-layout-flex\">\n<div class=\"wp-block-button is-style-default\"><a class=\"wp-block-button__link has-nv-text-dark-bg-color has-neve-link-color-background-color has-text-color has-background has-link-color has-custom-font-size wp-element-button\" href=\"https:\/\/www.emident.com.tr\/dis-randevu\" style=\"font-size:16px\">Randevu Al<\/a><\/div>\n<\/div>\n<\/div>\n\n\n\n<div class=\"wp-block-column is-vertically-aligned-center is-layout-flow wp-block-column-is-layout-flow\" style=\"padding-right:var(--wp--preset--spacing--30);padding-left:var(--wp--preset--spacing--30);flex-basis:50%\">\n<figure class=\"wp-block-image size-full has-custom-border is-style-default\"><img loading=\"lazy\" decoding=\"async\" width=\"1920\" height=\"1280\" src=\"https:\/\/www.godentist.com.tr\/wp-content\/uploads\/2025\/11\/1658-scaled-e1762387768164.jpg\" alt=\"\" class=\"wp-image-80\" style=\"border-radius:16px\"\/><figcaption class=\"wp-element-caption\">Woman shows thumb up sitting with a stomatologist at dentist office<\/figcaption><\/figure>\n<\/div>\n<\/div>\n\n\n\n<div style=\"height:40px\" aria-hidden=\"true\" class=\"wp-block-spacer\"><\/div>\n<\/div><\/div>\n<\/div><\/div>\n\n\n\n<div class=\"wp-block-cover alignfull\" style=\"min-height:300px;aspect-ratio:unset;\" id=\"iletisim\"><span aria-hidden=\"true\" class=\"wp-block-cover__background has-neve-link-color-background-color has-background-dim-100 has-background-dim\"><\/span><div class=\"wp-block-cover__inner-container is-layout-flow wp-block-cover-is-layout-flow\">\n<div style=\"height:140px\" aria-hidden=\"true\" class=\"wp-block-spacer\"><\/div>\n\n\n\n<div class=\"wp-block-columns is-layout-flex wp-container-core-columns-is-layout-9d6595d7 wp-block-columns-is-layout-flex\">\n<div class=\"wp-block-column is-layout-flow wp-block-column-is-layout-flow\" style=\"flex-basis:20%\"><\/div>\n\n\n\n<div class=\"wp-block-column is-layout-flow wp-block-column-is-layout-flow\" style=\"flex-basis:60%\">\n<div class=\"wp-block-group\"><div class=\"wp-block-group__inner-container is-layout-constrained wp-block-group-is-layout-constrained\">\n<h2 class=\"wp-block-heading has-text-align-center has-nv-text-dark-bg-color has-text-color\">\u0130leti\u015fim ve Randevu<\/h2>\n\n\n\n<p class=\"has-text-align-center has-nv-text-dark-bg-color has-text-color has-link-color wp-elements-1914ee66ebbb7c33c477f506a3282cc3\">Adres: Mecidiyek\u00f6y Mh. Lati Lokum Sk. \u00d6z\u00e7elik Apt. No:5 K:3 \u015ei\u015fli, \u0130stanbul. <\/p>\n\n\n\n<p class=\"has-text-align-center has-nv-text-dark-bg-color has-text-color has-link-color wp-elements-ab27f2a8988a563bd9ccb9959d876776\">Telefon: (0212) 356 66 16 <\/p>\n\n\n\n<p class=\"has-text-align-center has-nv-text-dark-bg-color has-text-color has-link-color wp-elements-efb8d3035ad3f93cb8a430048100cb6f\">WhatsApp: (0541) 249 34 61<\/p>\n\n\n\n<div class=\"wp-block-buttons is-horizontal is-content-justification-center is-layout-flex wp-container-core-buttons-is-layout-499968f5 wp-block-buttons-is-layout-flex\">\n<div class=\"wp-block-button is-style-primary\"><a class=\"wp-block-button__link has-neve-link-color-color has-text-color has-background has-link-color wp-element-button\" href=\"https:\/\/www.google.com\/maps\/place\/Emident+A%C4%9F%C4%B1z+ve+Di%C5%9F+Sa%C4%9Fl%C4%B1%C4%9F%C4%B1+Poliklini%C4%9Fi\/@41.0671653,28.9944742,20z\/data=!4m5!3m4!1s0x0:0xa88814dea01364fa!8m2!3d41.0672503!4d28.9944533?hl=tr\" style=\"background-color:#ffffff\" target=\"_blank\" rel=\"noreferrer noopener\">Yol Tarifi Al<\/a><\/div>\n<\/div>\n<\/div><\/div>\n<\/div>\n\n\n\n<div class=\"wp-block-column is-layout-flow wp-block-column-is-layout-flow\" style=\"flex-basis:20%\"><\/div>\n<\/div>\n\n\n\n<div style=\"height:140px\" aria-hidden=\"true\" class=\"wp-block-spacer\"><\/div>\n<\/div><\/div>\n","protected":false},"excerpt":{"rendered":"<p>Di\u015f \u0130mplant\u0131 All On 4, Fast &amp; Fixed ve \u0130leri \u0130mplant Cerrahisi \u00c7ene Cerrahisi G\u00f6m\u00fcl\u00fc Di\u015f \u00c7ekimi, Di\u015f ve \u00c7ene K\u0131r\u0131klar\u0131 Tedavisi G\u00fcl\u00fc\u015f Tasar\u0131m\u0131 Ki\u015fiye \u00d6zel G\u00fcl\u00fc\u015f Tasar\u0131m\u0131 Hollywood Smile Radyoloji A\u011f\u0131z ve Di\u015f Sorunlar\u0131 G\u00f6r\u00fcnt\u00fcleme<\/p>\n","protected":false},"author":1,"featured_media":0,"parent":0,"menu_order":0,"comment_status":"closed","ping_status":"closed","template":"","meta":{"neve_meta_sidebar":"","neve_meta_container":"","neve_meta_enable_content_width":"on","neve_meta_content_width":100,"neve_meta_title_alignment":"","neve_meta_author_avatar":"","neve_post_elements_order":"","neve_meta_disable_header":"","neve_meta_disable_footer":"","neve_meta_disable_title":"on","footnotes":""},"class_list":["post-9","page","type-page","status-publish","hentry"],"_links":{"self":[{"href":"https:\/\/www.godentist.com.tr\/index.php\/wp-json\/wp\/v2\/pages\/9","targetHints":{"allow":["GET"]}}],"collection":[{"href":"https:\/\/www.godentist.com.tr\/index.php\/wp-json\/wp\/v2\/pages"}],"about":[{"href":"https:\/\/www.godentist.com.tr\/index.php\/wp-json\/wp\/v2\/types\/page"}],"author":[{"embeddable":true,"href":"https:\/\/www.godentist.com.tr\/index.php\/wp-json\/wp\/v2\/users\/1"}],"replies":[{"embeddable":true,"href":"https:\/\/www.godentist.com.tr\/index.php\/wp-json\/wp\/v2\/comments?post=9"}],"version-history":[{"count":18,"href":"https:\/\/www.godentist.com.tr\/index.php\/wp-json\/wp\/v2\/pages\/9\/revisions"}],"predecessor-version":[{"id":93,"href":"https:\/\/www.godentist.com.tr\/index.php\/wp-json\/wp\/v2\/pages\/9\/revisions\/93"}],"wp:attachment":[{"href":"https:\/\/www.godentist.com.tr\/index.php\/wp-json\/wp\/v2\/media?parent=9"}],"curies":[{"name":"wp","href":"https:\/\/api.w.org\/{rel}","templated":true}]}}